{"id":10899,"date":"2018-07-17T17:34:35","date_gmt":"2018-07-17T15:34:35","guid":{"rendered":"http:\/\/intrawelt.com\/certificazioni-tuv-iso17001\/"},"modified":"2023-03-21T16:26:48","modified_gmt":"2023-03-21T15:26:48","slug":"zertifizierung-iso17001","status":"publish","type":"page","link":"https:\/\/intrawelt.com\/de\/zertifizierung-iso17001\/","title":{"rendered":"Zertifizierung \u2013 ISO17001"},"content":{"rendered":"\n\n","protected":false},"excerpt":{"rendered":"","protected":false},"author":3,"featured_media":0,"parent":0,"menu_order":0,"comment_status":"closed","ping_status":"closed","template":"","meta":[],"yoast_head":"<!-- This site is optimized with the Yoast SEO plugin v20.2 - https:\/\/yoast.com\/wordpress\/plugins\/seo\/ -->\n<title>Zertifizierung \u2013 ISO17001<\/title>\n<meta name=\"description\" content=\"Die ISO 17100-Zertifizierung ist ein Qualit\u00e4tssiegel f\u00fcr die \u00dcbersetzungsprozesse von Intrawelt. Die Zertifizierungen werden von ANCIS ausgestellt.\" \/>\n<meta name=\"robots\" content=\"noindex, follow\" \/>\n<meta property=\"og:locale\" content=\"de_DE\" \/>\n<meta property=\"og:type\" content=\"article\" \/>\n<meta property=\"og:title\" content=\"Zertifizierung \u2013 ISO17001\" \/>\n<meta property=\"og:description\" content=\"Die ISO 17100-Zertifizierung ist ein Qualit\u00e4tssiegel f\u00fcr die \u00dcbersetzungsprozesse von Intrawelt. Die Zertifizierungen werden von ANCIS ausgestellt.\" \/>\n<meta property=\"og:url\" content=\"https:\/\/intrawelt.com\/de\/zertifizierung-iso17001\/\" \/>\n<meta property=\"og:site_name\" content=\"Intrawelt\" \/>\n<meta property=\"article:publisher\" content=\"https:\/\/it-it.facebook.com\/pages\/Intrawelt\/153693088047632\" \/>\n<meta property=\"article:modified_time\" content=\"2023-03-21T15:26:48+00:00\" \/>\n<meta name=\"twitter:card\" content=\"summary_large_image\" \/>\n<meta name=\"twitter:site\" content=\"@intrawelt\" \/>\n<meta name=\"twitter:label1\" content=\"Gesch\u00e4tzte Lesezeit\" \/>\n\t<meta name=\"twitter:data1\" content=\"1\u00a0Minute\" \/>\n<script type=\"application\/ld+json\" class=\"yoast-schema-graph\">{\"@context\":\"https:\/\/schema.org\",\"@graph\":[{\"@type\":\"WebPage\",\"@id\":\"https:\/\/intrawelt.com\/de\/zertifizierung-iso17001\/\",\"url\":\"https:\/\/intrawelt.com\/de\/zertifizierung-iso17001\/\",\"name\":\"Zertifizierung \u2013 ISO17001\",\"isPartOf\":{\"@id\":\"https:\/\/intrawelt.com\/de\/#website\"},\"datePublished\":\"2018-07-17T15:34:35+00:00\",\"dateModified\":\"2023-03-21T15:26:48+00:00\",\"description\":\"Die ISO 17100-Zertifizierung ist ein Qualit\u00e4tssiegel f\u00fcr die \u00dcbersetzungsprozesse von Intrawelt. Die Zertifizierungen werden von ANCIS ausgestellt.\",\"breadcrumb\":{\"@id\":\"https:\/\/intrawelt.com\/de\/zertifizierung-iso17001\/#breadcrumb\"},\"inLanguage\":\"de\",\"potentialAction\":[{\"@type\":\"ReadAction\",\"target\":[\"https:\/\/intrawelt.com\/de\/zertifizierung-iso17001\/\"]}]},{\"@type\":\"BreadcrumbList\",\"@id\":\"https:\/\/intrawelt.com\/de\/zertifizierung-iso17001\/#breadcrumb\",\"itemListElement\":[{\"@type\":\"ListItem\",\"position\":1,\"name\":\"Home\",\"item\":\"https:\/\/intrawelt.com\/de\/\"},{\"@type\":\"ListItem\",\"position\":2,\"name\":\"Zertifizierung \u2013 ISO17001\"}]},{\"@type\":\"WebSite\",\"@id\":\"https:\/\/intrawelt.com\/de\/#website\",\"url\":\"https:\/\/intrawelt.com\/de\/\",\"name\":\"Agenzia di Traduzione e Interpretariato | Intrawelt\",\"description\":\"Servizi di traduzione professionale, interpretariato e impaginazione grafica\",\"publisher\":{\"@id\":\"https:\/\/intrawelt.com\/de\/#organization\"},\"alternateName\":\"Traduzione e Interpretariato | Intrawelt\",\"potentialAction\":[{\"@type\":\"SearchAction\",\"target\":{\"@type\":\"EntryPoint\",\"urlTemplate\":\"https:\/\/intrawelt.com\/de\/?s={search_term_string}\"},\"query-input\":\"required name=search_term_string\"}],\"inLanguage\":\"de\"},{\"@type\":\"Organization\",\"@id\":\"https:\/\/intrawelt.com\/de\/#organization\",\"name\":\"INTRAWELT\",\"url\":\"https:\/\/intrawelt.com\/de\/\",\"logo\":{\"@type\":\"ImageObject\",\"inLanguage\":\"de\",\"@id\":\"https:\/\/intrawelt.com\/de\/#\/schema\/logo\/image\/\",\"url\":\"https:\/\/intrawelt.com\/wp-content\/uploads\/2018\/10\/logo_intrawelt-1.png\",\"contentUrl\":\"https:\/\/intrawelt.com\/wp-content\/uploads\/2018\/10\/logo_intrawelt-1.png\",\"width\":340,\"height\":156,\"caption\":\"INTRAWELT\"},\"image\":{\"@id\":\"https:\/\/intrawelt.com\/de\/#\/schema\/logo\/image\/\"},\"sameAs\":[\"https:\/\/it-it.facebook.com\/pages\/Intrawelt\/153693088047632\",\"https:\/\/twitter.com\/intrawelt\",\"https:\/\/www.instagram.com\/intrawelt\/\",\"https:\/\/www.linkedin.com\/company\/intrawelt\",\"https:\/\/www.youtube.com\/channel\/UCGqyFgcoukyk5tDC_Cfyqmg\"]}]}<\/script>\n<!-- \/ Yoast SEO plugin. -->","yoast_head_json":{"title":"Zertifizierung \u2013 ISO17001","description":"Die ISO 17100-Zertifizierung ist ein Qualit\u00e4tssiegel f\u00fcr die \u00dcbersetzungsprozesse von Intrawelt. Die Zertifizierungen werden von ANCIS ausgestellt.","robots":{"index":"noindex","follow":"follow"},"og_locale":"de_DE","og_type":"article","og_title":"Zertifizierung \u2013 ISO17001","og_description":"Die ISO 17100-Zertifizierung ist ein Qualit\u00e4tssiegel f\u00fcr die \u00dcbersetzungsprozesse von Intrawelt. Die Zertifizierungen werden von ANCIS ausgestellt.","og_url":"https:\/\/intrawelt.com\/de\/zertifizierung-iso17001\/","og_site_name":"Intrawelt","article_publisher":"https:\/\/it-it.facebook.com\/pages\/Intrawelt\/153693088047632","article_modified_time":"2023-03-21T15:26:48+00:00","twitter_card":"summary_large_image","twitter_site":"@intrawelt","twitter_misc":{"Gesch\u00e4tzte Lesezeit":"1\u00a0Minute"},"schema":{"@context":"https:\/\/schema.org","@graph":[{"@type":"WebPage","@id":"https:\/\/intrawelt.com\/de\/zertifizierung-iso17001\/","url":"https:\/\/intrawelt.com\/de\/zertifizierung-iso17001\/","name":"Zertifizierung \u2013 ISO17001","isPartOf":{"@id":"https:\/\/intrawelt.com\/de\/#website"},"datePublished":"2018-07-17T15:34:35+00:00","dateModified":"2023-03-21T15:26:48+00:00","description":"Die ISO 17100-Zertifizierung ist ein Qualit\u00e4tssiegel f\u00fcr die \u00dcbersetzungsprozesse von Intrawelt. Die Zertifizierungen werden von ANCIS ausgestellt.","breadcrumb":{"@id":"https:\/\/intrawelt.com\/de\/zertifizierung-iso17001\/#breadcrumb"},"inLanguage":"de","potentialAction":[{"@type":"ReadAction","target":["https:\/\/intrawelt.com\/de\/zertifizierung-iso17001\/"]}]},{"@type":"BreadcrumbList","@id":"https:\/\/intrawelt.com\/de\/zertifizierung-iso17001\/#breadcrumb","itemListElement":[{"@type":"ListItem","position":1,"name":"Home","item":"https:\/\/intrawelt.com\/de\/"},{"@type":"ListItem","position":2,"name":"Zertifizierung \u2013 ISO17001"}]},{"@type":"WebSite","@id":"https:\/\/intrawelt.com\/de\/#website","url":"https:\/\/intrawelt.com\/de\/","name":"Agenzia di Traduzione e Interpretariato | Intrawelt","description":"Servizi di traduzione professionale, interpretariato e impaginazione grafica","publisher":{"@id":"https:\/\/intrawelt.com\/de\/#organization"},"alternateName":"Traduzione e Interpretariato | Intrawelt","potentialAction":[{"@type":"SearchAction","target":{"@type":"EntryPoint","urlTemplate":"https:\/\/intrawelt.com\/de\/?s={search_term_string}"},"query-input":"required name=search_term_string"}],"inLanguage":"de"},{"@type":"Organization","@id":"https:\/\/intrawelt.com\/de\/#organization","name":"INTRAWELT","url":"https:\/\/intrawelt.com\/de\/","logo":{"@type":"ImageObject","inLanguage":"de","@id":"https:\/\/intrawelt.com\/de\/#\/schema\/logo\/image\/","url":"https:\/\/intrawelt.com\/wp-content\/uploads\/2018\/10\/logo_intrawelt-1.png","contentUrl":"https:\/\/intrawelt.com\/wp-content\/uploads\/2018\/10\/logo_intrawelt-1.png","width":340,"height":156,"caption":"INTRAWELT"},"image":{"@id":"https:\/\/intrawelt.com\/de\/#\/schema\/logo\/image\/"},"sameAs":["https:\/\/it-it.facebook.com\/pages\/Intrawelt\/153693088047632","https:\/\/twitter.com\/intrawelt","https:\/\/www.instagram.com\/intrawelt\/","https:\/\/www.linkedin.com\/company\/intrawelt","https:\/\/www.youtube.com\/channel\/UCGqyFgcoukyk5tDC_Cfyqmg"]}]}},"_links":{"self":[{"href":"https:\/\/intrawelt.com\/de\/wp-json\/wp\/v2\/pages\/10899"}],"collection":[{"href":"https:\/\/intrawelt.com\/de\/wp-json\/wp\/v2\/pages"}],"about":[{"href":"https:\/\/intrawelt.com\/de\/wp-json\/wp\/v2\/types\/page"}],"author":[{"embeddable":true,"href":"https:\/\/intrawelt.com\/de\/wp-json\/wp\/v2\/users\/3"}],"replies":[{"embeddable":true,"href":"https:\/\/intrawelt.com\/de\/wp-json\/wp\/v2\/comments?post=10899"}],"version-history":[{"count":0,"href":"https:\/\/intrawelt.com\/de\/wp-json\/wp\/v2\/pages\/10899\/revisions"}],"wp:attachment":[{"href":"https:\/\/intrawelt.com\/de\/wp-json\/wp\/v2\/media?parent=10899"}],"curies":[{"name":"wp","href":"https:\/\/api.w.org\/{rel}","templated":true}]}}