{"id":10963,"date":"2018-06-12T17:08:48","date_gmt":"2018-06-12T15:08:48","guid":{"rendered":"http:\/\/intrawelt.com\/contatti\/preventivo\/"},"modified":"2020-02-25T17:57:15","modified_gmt":"2020-02-25T16:57:15","slug":"kostenvoranschlag-anfragen","status":"publish","type":"page","link":"https:\/\/intrawelt.com\/de\/kontakt\/kostenvoranschlag-anfragen\/","title":{"rendered":"Kostenvoranschlag"},"content":{"rendered":"\n\n\n","protected":false},"excerpt":{"rendered":"","protected":false},"author":2,"featured_media":0,"parent":10959,"menu_order":0,"comment_status":"closed","ping_status":"closed","template":"","meta":[],"yoast_head":"<!-- This site is optimized with the Yoast SEO plugin v20.2 - https:\/\/yoast.com\/wordpress\/plugins\/seo\/ -->\n<title>\u00dcbersetzungspreise | Kostenvoranschlag anfragen | Intrawelt<\/title>\n<meta name=\"description\" content=\"\u00dcbersetzungspreise | F\u00fcr einen Kostenvoranschlag f\u00fcllen Sie bitte das vorliegende Formular aus und ein Vertriebsleiter wird Sie kontaktieren.\" \/>\n<meta name=\"robots\" content=\"index, follow, max-snippet:-1, max-image-preview:large, max-video-preview:-1\" \/>\n<link rel=\"canonical\" href=\"https:\/\/intrawelt.com\/de\/kontakt\/kostenvoranschlag-anfragen\/\" \/>\n<meta property=\"og:locale\" content=\"de_DE\" \/>\n<meta property=\"og:type\" content=\"article\" \/>\n<meta property=\"og:title\" content=\"\u00dcbersetzungspreise | Kostenvoranschlag anfragen | Intrawelt\" \/>\n<meta property=\"og:description\" content=\"\u00dcbersetzungspreise | F\u00fcr einen Kostenvoranschlag f\u00fcllen Sie bitte das vorliegende Formular aus und ein Vertriebsleiter wird Sie kontaktieren.\" \/>\n<meta property=\"og:url\" content=\"https:\/\/intrawelt.com\/de\/kontakt\/kostenvoranschlag-anfragen\/\" \/>\n<meta property=\"og:site_name\" content=\"Intrawelt\" \/>\n<meta property=\"article:publisher\" content=\"https:\/\/it-it.facebook.com\/pages\/Intrawelt\/153693088047632\" \/>\n<meta property=\"article:modified_time\" content=\"2020-02-25T16:57:15+00:00\" \/>\n<meta name=\"twitter:card\" content=\"summary_large_image\" \/>\n<meta name=\"twitter:site\" content=\"@intrawelt\" \/>\n<meta name=\"twitter:label1\" content=\"Gesch\u00e4tzte Lesezeit\" \/>\n\t<meta name=\"twitter:data1\" content=\"4\u00a0Minuten\" \/>\n<script type=\"application\/ld+json\" class=\"yoast-schema-graph\">{\"@context\":\"https:\/\/schema.org\",\"@graph\":[{\"@type\":\"WebPage\",\"@id\":\"https:\/\/intrawelt.com\/de\/kontakt\/kostenvoranschlag-anfragen\/\",\"url\":\"https:\/\/intrawelt.com\/de\/kontakt\/kostenvoranschlag-anfragen\/\",\"name\":\"\u00dcbersetzungspreise | Kostenvoranschlag anfragen | Intrawelt\",\"isPartOf\":{\"@id\":\"https:\/\/intrawelt.com\/de\/#website\"},\"datePublished\":\"2018-06-12T15:08:48+00:00\",\"dateModified\":\"2020-02-25T16:57:15+00:00\",\"description\":\"\u00dcbersetzungspreise | F\u00fcr einen Kostenvoranschlag f\u00fcllen Sie bitte das vorliegende Formular aus und ein Vertriebsleiter wird Sie kontaktieren.\",\"breadcrumb\":{\"@id\":\"https:\/\/intrawelt.com\/de\/kontakt\/kostenvoranschlag-anfragen\/#breadcrumb\"},\"inLanguage\":\"de\",\"potentialAction\":[{\"@type\":\"ReadAction\",\"target\":[\"https:\/\/intrawelt.com\/de\/kontakt\/kostenvoranschlag-anfragen\/\"]}]},{\"@type\":\"BreadcrumbList\",\"@id\":\"https:\/\/intrawelt.com\/de\/kontakt\/kostenvoranschlag-anfragen\/#breadcrumb\",\"itemListElement\":[{\"@type\":\"ListItem\",\"position\":1,\"name\":\"Home\",\"item\":\"https:\/\/intrawelt.com\/de\/\"},{\"@type\":\"ListItem\",\"position\":2,\"name\":\"Kontakt\",\"item\":\"https:\/\/intrawelt.com\/de\/kontakt\/\"},{\"@type\":\"ListItem\",\"position\":3,\"name\":\"Kostenvoranschlag\"}]},{\"@type\":\"WebSite\",\"@id\":\"https:\/\/intrawelt.com\/de\/#website\",\"url\":\"https:\/\/intrawelt.com\/de\/\",\"name\":\"Agenzia di Traduzione e Interpretariato | Intrawelt\",\"description\":\"Servizi di traduzione professionale, interpretariato e impaginazione grafica\",\"publisher\":{\"@id\":\"https:\/\/intrawelt.com\/de\/#organization\"},\"alternateName\":\"Traduzione e Interpretariato | Intrawelt\",\"potentialAction\":[{\"@type\":\"SearchAction\",\"target\":{\"@type\":\"EntryPoint\",\"urlTemplate\":\"https:\/\/intrawelt.com\/de\/?s={search_term_string}\"},\"query-input\":\"required name=search_term_string\"}],\"inLanguage\":\"de\"},{\"@type\":\"Organization\",\"@id\":\"https:\/\/intrawelt.com\/de\/#organization\",\"name\":\"INTRAWELT\",\"url\":\"https:\/\/intrawelt.com\/de\/\",\"logo\":{\"@type\":\"ImageObject\",\"inLanguage\":\"de\",\"@id\":\"https:\/\/intrawelt.com\/de\/#\/schema\/logo\/image\/\",\"url\":\"https:\/\/intrawelt.com\/wp-content\/uploads\/2018\/10\/logo_intrawelt-1.png\",\"contentUrl\":\"https:\/\/intrawelt.com\/wp-content\/uploads\/2018\/10\/logo_intrawelt-1.png\",\"width\":340,\"height\":156,\"caption\":\"INTRAWELT\"},\"image\":{\"@id\":\"https:\/\/intrawelt.com\/de\/#\/schema\/logo\/image\/\"},\"sameAs\":[\"https:\/\/it-it.facebook.com\/pages\/Intrawelt\/153693088047632\",\"https:\/\/twitter.com\/intrawelt\",\"https:\/\/www.instagram.com\/intrawelt\/\",\"https:\/\/www.linkedin.com\/company\/intrawelt\",\"https:\/\/www.youtube.com\/channel\/UCGqyFgcoukyk5tDC_Cfyqmg\"]}]}<\/script>\n<!-- \/ Yoast SEO plugin. -->","yoast_head_json":{"title":"\u00dcbersetzungspreise | Kostenvoranschlag anfragen | Intrawelt","description":"\u00dcbersetzungspreise | F\u00fcr einen Kostenvoranschlag f\u00fcllen Sie bitte das vorliegende Formular aus und ein Vertriebsleiter wird Sie kontaktieren.","robots":{"index":"index","follow":"follow","max-snippet":"max-snippet:-1","max-image-preview":"max-image-preview:large","max-video-preview":"max-video-preview:-1"},"canonical":"https:\/\/intrawelt.com\/de\/kontakt\/kostenvoranschlag-anfragen\/","og_locale":"de_DE","og_type":"article","og_title":"\u00dcbersetzungspreise | Kostenvoranschlag anfragen | Intrawelt","og_description":"\u00dcbersetzungspreise | F\u00fcr einen Kostenvoranschlag f\u00fcllen Sie bitte das vorliegende Formular aus und ein Vertriebsleiter wird Sie kontaktieren.","og_url":"https:\/\/intrawelt.com\/de\/kontakt\/kostenvoranschlag-anfragen\/","og_site_name":"Intrawelt","article_publisher":"https:\/\/it-it.facebook.com\/pages\/Intrawelt\/153693088047632","article_modified_time":"2020-02-25T16:57:15+00:00","twitter_card":"summary_large_image","twitter_site":"@intrawelt","twitter_misc":{"Gesch\u00e4tzte Lesezeit":"4\u00a0Minuten"},"schema":{"@context":"https:\/\/schema.org","@graph":[{"@type":"WebPage","@id":"https:\/\/intrawelt.com\/de\/kontakt\/kostenvoranschlag-anfragen\/","url":"https:\/\/intrawelt.com\/de\/kontakt\/kostenvoranschlag-anfragen\/","name":"\u00dcbersetzungspreise | Kostenvoranschlag anfragen | Intrawelt","isPartOf":{"@id":"https:\/\/intrawelt.com\/de\/#website"},"datePublished":"2018-06-12T15:08:48+00:00","dateModified":"2020-02-25T16:57:15+00:00","description":"\u00dcbersetzungspreise | F\u00fcr einen Kostenvoranschlag f\u00fcllen Sie bitte das vorliegende Formular aus und ein Vertriebsleiter wird Sie kontaktieren.","breadcrumb":{"@id":"https:\/\/intrawelt.com\/de\/kontakt\/kostenvoranschlag-anfragen\/#breadcrumb"},"inLanguage":"de","potentialAction":[{"@type":"ReadAction","target":["https:\/\/intrawelt.com\/de\/kontakt\/kostenvoranschlag-anfragen\/"]}]},{"@type":"BreadcrumbList","@id":"https:\/\/intrawelt.com\/de\/kontakt\/kostenvoranschlag-anfragen\/#breadcrumb","itemListElement":[{"@type":"ListItem","position":1,"name":"Home","item":"https:\/\/intrawelt.com\/de\/"},{"@type":"ListItem","position":2,"name":"Kontakt","item":"https:\/\/intrawelt.com\/de\/kontakt\/"},{"@type":"ListItem","position":3,"name":"Kostenvoranschlag"}]},{"@type":"WebSite","@id":"https:\/\/intrawelt.com\/de\/#website","url":"https:\/\/intrawelt.com\/de\/","name":"Agenzia di Traduzione e Interpretariato | Intrawelt","description":"Servizi di traduzione professionale, interpretariato e impaginazione grafica","publisher":{"@id":"https:\/\/intrawelt.com\/de\/#organization"},"alternateName":"Traduzione e Interpretariato | Intrawelt","potentialAction":[{"@type":"SearchAction","target":{"@type":"EntryPoint","urlTemplate":"https:\/\/intrawelt.com\/de\/?s={search_term_string}"},"query-input":"required name=search_term_string"}],"inLanguage":"de"},{"@type":"Organization","@id":"https:\/\/intrawelt.com\/de\/#organization","name":"INTRAWELT","url":"https:\/\/intrawelt.com\/de\/","logo":{"@type":"ImageObject","inLanguage":"de","@id":"https:\/\/intrawelt.com\/de\/#\/schema\/logo\/image\/","url":"https:\/\/intrawelt.com\/wp-content\/uploads\/2018\/10\/logo_intrawelt-1.png","contentUrl":"https:\/\/intrawelt.com\/wp-content\/uploads\/2018\/10\/logo_intrawelt-1.png","width":340,"height":156,"caption":"INTRAWELT"},"image":{"@id":"https:\/\/intrawelt.com\/de\/#\/schema\/logo\/image\/"},"sameAs":["https:\/\/it-it.facebook.com\/pages\/Intrawelt\/153693088047632","https:\/\/twitter.com\/intrawelt","https:\/\/www.instagram.com\/intrawelt\/","https:\/\/www.linkedin.com\/company\/intrawelt","https:\/\/www.youtube.com\/channel\/UCGqyFgcoukyk5tDC_Cfyqmg"]}]}},"_links":{"self":[{"href":"https:\/\/intrawelt.com\/de\/wp-json\/wp\/v2\/pages\/10963"}],"collection":[{"href":"https:\/\/intrawelt.com\/de\/wp-json\/wp\/v2\/pages"}],"about":[{"href":"https:\/\/intrawelt.com\/de\/wp-json\/wp\/v2\/types\/page"}],"author":[{"embeddable":true,"href":"https:\/\/intrawelt.com\/de\/wp-json\/wp\/v2\/users\/2"}],"replies":[{"embeddable":true,"href":"https:\/\/intrawelt.com\/de\/wp-json\/wp\/v2\/comments?post=10963"}],"version-history":[{"count":0,"href":"https:\/\/intrawelt.com\/de\/wp-json\/wp\/v2\/pages\/10963\/revisions"}],"up":[{"embeddable":true,"href":"https:\/\/intrawelt.com\/de\/wp-json\/wp\/v2\/pages\/10959"}],"wp:attachment":[{"href":"https:\/\/intrawelt.com\/de\/wp-json\/wp\/v2\/media?parent=10963"}],"curies":[{"name":"wp","href":"https:\/\/api.w.org\/{rel}","templated":true}]}}