{"id":10992,"date":"2013-04-01T15:37:54","date_gmt":"2013-04-01T15:37:54","guid":{"rendered":"http:\/\/intrawelt.com\/homepage-3\/"},"modified":"2023-05-03T10:11:35","modified_gmt":"2023-05-03T08:11:35","slug":"homepage","status":"publish","type":"page","link":"https:\/\/intrawelt.com\/de\/","title":{"rendered":"Homepage"},"content":{"rendered":"\n\n\n\n<\/p>\n\n\n\n","protected":false},"excerpt":{"rendered":"<p>This is a Page excerpt. It will be displayed for search results<\/p>\n","protected":false},"author":2,"featured_media":0,"parent":0,"menu_order":0,"comment_status":"open","ping_status":"open","template":"","meta":[],"yoast_head":"<!-- This site is optimized with the Yoast SEO plugin v20.2 - https:\/\/yoast.com\/wordpress\/plugins\/seo\/ -->\n<title>Professionelle \u00dcbersetzungen | \u00dcbersetzungsb\u00fcro in Deutschland<\/title>\n<meta name=\"description\" content=\"Intrawelt \u00dcbersetzungsb\u00fcro in Deutschland | \u00dcbersetzungen, Marketing und Layout. Fach\u00fcbersetzungen aus den Bereichen Finanzwesen, Recht, Pharma, etc.\" \/>\n<meta name=\"robots\" content=\"index, follow, max-snippet:-1, max-image-preview:large, max-video-preview:-1\" \/>\n<link rel=\"canonical\" href=\"https:\/\/intrawelt.com\/de\/\" \/>\n<meta property=\"og:locale\" content=\"de_DE\" \/>\n<meta property=\"og:type\" content=\"article\" \/>\n<meta property=\"og:title\" content=\"\u00dcbersetzungsb\u00fcro | \u00dcbersetzungsdienstleistungen und Dolmetschen |\" \/>\n<meta property=\"og:description\" content=\"\u00dcbersetzungsb\u00fcro | \u00dcbersetzungsdienstleistungen, Marketing und Layout. Fach\u00fcbersetzungen aus den Bereichen Finanzwesen, Recht, Medizin und Pharma.\" \/>\n<meta property=\"og:url\" content=\"https:\/\/intrawelt.com\/de\/\" \/>\n<meta property=\"og:site_name\" content=\"Intrawelt\" \/>\n<meta property=\"article:publisher\" content=\"https:\/\/it-it.facebook.com\/pages\/Intrawelt\/153693088047632\" \/>\n<meta property=\"article:modified_time\" content=\"2023-05-03T08:11:35+00:00\" \/>\n<meta property=\"og:image\" content=\"http:\/\/intrawelt.com\/wp-content\/uploads\/2019\/03\/oliva.png\" \/>\n\t<meta property=\"og:image:width\" content=\"1560\" \/>\n\t<meta property=\"og:image:height\" content=\"1560\" \/>\n\t<meta property=\"og:image:type\" content=\"image\/png\" \/>\n<meta name=\"twitter:card\" content=\"summary_large_image\" \/>\n<meta name=\"twitter:title\" content=\"\u00dcbersetzungsb\u00fcro | \u00dcbersetzungsdienstleistungen und Dolmetschen |\" \/>\n<meta name=\"twitter:description\" content=\"\u00dcbersetzungsb\u00fcro | \u00dcbersetzungsdienstleistungen, Marketing und Layout. Fach\u00fcbersetzungen aus den Bereichen Finanzwesen, Recht, Medizin und Pharma.\" \/>\n<meta name=\"twitter:image\" content=\"https:\/\/intrawelt.com\/wp-content\/uploads\/2018\/10\/logo_intrawelt-1.png\" \/>\n<meta name=\"twitter:site\" content=\"@intrawelt\" \/>\n<meta name=\"twitter:label1\" content=\"Gesch\u00e4tzte Lesezeit\" \/>\n\t<meta name=\"twitter:data1\" content=\"11\u00a0Minuten\" \/>\n<script type=\"application\/ld+json\" class=\"yoast-schema-graph\">{\"@context\":\"https:\/\/schema.org\",\"@graph\":[{\"@type\":\"WebPage\",\"@id\":\"https:\/\/intrawelt.com\/de\/\",\"url\":\"https:\/\/intrawelt.com\/de\/\",\"name\":\"Professionelle \u00dcbersetzungen | \u00dcbersetzungsb\u00fcro in Deutschland\",\"isPartOf\":{\"@id\":\"https:\/\/intrawelt.com\/de\/#website\"},\"datePublished\":\"2013-04-01T15:37:54+00:00\",\"dateModified\":\"2023-05-03T08:11:35+00:00\",\"description\":\"Intrawelt \u00dcbersetzungsb\u00fcro in Deutschland | \u00dcbersetzungen, Marketing und Layout. Fach\u00fcbersetzungen aus den Bereichen Finanzwesen, Recht, Pharma, etc.\",\"breadcrumb\":{\"@id\":\"https:\/\/intrawelt.com\/de\/#breadcrumb\"},\"inLanguage\":\"de\",\"potentialAction\":[{\"@type\":\"ReadAction\",\"target\":[\"https:\/\/intrawelt.com\/de\/\"]}]},{\"@type\":\"BreadcrumbList\",\"@id\":\"https:\/\/intrawelt.com\/de\/#breadcrumb\",\"itemListElement\":[{\"@type\":\"ListItem\",\"position\":1,\"name\":\"Home\",\"item\":\"https:\/\/intrawelt.com\/de\/\"},{\"@type\":\"ListItem\",\"position\":2,\"name\":\"Homepage\"}]},{\"@type\":\"WebSite\",\"@id\":\"https:\/\/intrawelt.com\/de\/#website\",\"url\":\"https:\/\/intrawelt.com\/de\/\",\"name\":\"Agenzia di Traduzione e Interpretariato | Intrawelt\",\"description\":\"Servizi di traduzione professionale, interpretariato e impaginazione grafica\",\"publisher\":{\"@id\":\"https:\/\/intrawelt.com\/de\/#organization\"},\"alternateName\":\"Traduzione e Interpretariato | Intrawelt\",\"potentialAction\":[{\"@type\":\"SearchAction\",\"target\":{\"@type\":\"EntryPoint\",\"urlTemplate\":\"https:\/\/intrawelt.com\/de\/?s={search_term_string}\"},\"query-input\":\"required name=search_term_string\"}],\"inLanguage\":\"de\"},{\"@type\":\"Organization\",\"@id\":\"https:\/\/intrawelt.com\/de\/#organization\",\"name\":\"INTRAWELT\",\"url\":\"https:\/\/intrawelt.com\/de\/\",\"logo\":{\"@type\":\"ImageObject\",\"inLanguage\":\"de\",\"@id\":\"https:\/\/intrawelt.com\/de\/#\/schema\/logo\/image\/\",\"url\":\"https:\/\/intrawelt.com\/wp-content\/uploads\/2018\/10\/logo_intrawelt-1.png\",\"contentUrl\":\"https:\/\/intrawelt.com\/wp-content\/uploads\/2018\/10\/logo_intrawelt-1.png\",\"width\":340,\"height\":156,\"caption\":\"INTRAWELT\"},\"image\":{\"@id\":\"https:\/\/intrawelt.com\/de\/#\/schema\/logo\/image\/\"},\"sameAs\":[\"https:\/\/it-it.facebook.com\/pages\/Intrawelt\/153693088047632\",\"https:\/\/twitter.com\/intrawelt\",\"https:\/\/www.instagram.com\/intrawelt\/\",\"https:\/\/www.linkedin.com\/company\/intrawelt\",\"https:\/\/www.youtube.com\/channel\/UCGqyFgcoukyk5tDC_Cfyqmg\"]}]}<\/script>\n<!-- \/ Yoast SEO plugin. -->","yoast_head_json":{"title":"Professionelle \u00dcbersetzungen | \u00dcbersetzungsb\u00fcro in Deutschland","description":"Intrawelt \u00dcbersetzungsb\u00fcro in Deutschland | \u00dcbersetzungen, Marketing und Layout. Fach\u00fcbersetzungen aus den Bereichen Finanzwesen, Recht, Pharma, etc.","robots":{"index":"index","follow":"follow","max-snippet":"max-snippet:-1","max-image-preview":"max-image-preview:large","max-video-preview":"max-video-preview:-1"},"canonical":"https:\/\/intrawelt.com\/de\/","og_locale":"de_DE","og_type":"article","og_title":"\u00dcbersetzungsb\u00fcro | \u00dcbersetzungsdienstleistungen und Dolmetschen |","og_description":"\u00dcbersetzungsb\u00fcro | \u00dcbersetzungsdienstleistungen, Marketing und Layout. Fach\u00fcbersetzungen aus den Bereichen Finanzwesen, Recht, Medizin und Pharma.","og_url":"https:\/\/intrawelt.com\/de\/","og_site_name":"Intrawelt","article_publisher":"https:\/\/it-it.facebook.com\/pages\/Intrawelt\/153693088047632","article_modified_time":"2023-05-03T08:11:35+00:00","og_image":[{"width":1560,"height":1560,"url":"http:\/\/intrawelt.com\/wp-content\/uploads\/2019\/03\/oliva.png","type":"image\/png"}],"twitter_card":"summary_large_image","twitter_title":"\u00dcbersetzungsb\u00fcro | \u00dcbersetzungsdienstleistungen und Dolmetschen |","twitter_description":"\u00dcbersetzungsb\u00fcro | \u00dcbersetzungsdienstleistungen, Marketing und Layout. Fach\u00fcbersetzungen aus den Bereichen Finanzwesen, Recht, Medizin und Pharma.","twitter_image":"https:\/\/intrawelt.com\/wp-content\/uploads\/2018\/10\/logo_intrawelt-1.png","twitter_site":"@intrawelt","twitter_misc":{"Gesch\u00e4tzte Lesezeit":"11\u00a0Minuten"},"schema":{"@context":"https:\/\/schema.org","@graph":[{"@type":"WebPage","@id":"https:\/\/intrawelt.com\/de\/","url":"https:\/\/intrawelt.com\/de\/","name":"Professionelle \u00dcbersetzungen | \u00dcbersetzungsb\u00fcro in Deutschland","isPartOf":{"@id":"https:\/\/intrawelt.com\/de\/#website"},"datePublished":"2013-04-01T15:37:54+00:00","dateModified":"2023-05-03T08:11:35+00:00","description":"Intrawelt \u00dcbersetzungsb\u00fcro in Deutschland | \u00dcbersetzungen, Marketing und Layout. Fach\u00fcbersetzungen aus den Bereichen Finanzwesen, Recht, Pharma, etc.","breadcrumb":{"@id":"https:\/\/intrawelt.com\/de\/#breadcrumb"},"inLanguage":"de","potentialAction":[{"@type":"ReadAction","target":["https:\/\/intrawelt.com\/de\/"]}]},{"@type":"BreadcrumbList","@id":"https:\/\/intrawelt.com\/de\/#breadcrumb","itemListElement":[{"@type":"ListItem","position":1,"name":"Home","item":"https:\/\/intrawelt.com\/de\/"},{"@type":"ListItem","position":2,"name":"Homepage"}]},{"@type":"WebSite","@id":"https:\/\/intrawelt.com\/de\/#website","url":"https:\/\/intrawelt.com\/de\/","name":"Agenzia di Traduzione e Interpretariato | Intrawelt","description":"Servizi di traduzione professionale, interpretariato e impaginazione grafica","publisher":{"@id":"https:\/\/intrawelt.com\/de\/#organization"},"alternateName":"Traduzione e Interpretariato | Intrawelt","potentialAction":[{"@type":"SearchAction","target":{"@type":"EntryPoint","urlTemplate":"https:\/\/intrawelt.com\/de\/?s={search_term_string}"},"query-input":"required name=search_term_string"}],"inLanguage":"de"},{"@type":"Organization","@id":"https:\/\/intrawelt.com\/de\/#organization","name":"INTRAWELT","url":"https:\/\/intrawelt.com\/de\/","logo":{"@type":"ImageObject","inLanguage":"de","@id":"https:\/\/intrawelt.com\/de\/#\/schema\/logo\/image\/","url":"https:\/\/intrawelt.com\/wp-content\/uploads\/2018\/10\/logo_intrawelt-1.png","contentUrl":"https:\/\/intrawelt.com\/wp-content\/uploads\/2018\/10\/logo_intrawelt-1.png","width":340,"height":156,"caption":"INTRAWELT"},"image":{"@id":"https:\/\/intrawelt.com\/de\/#\/schema\/logo\/image\/"},"sameAs":["https:\/\/it-it.facebook.com\/pages\/Intrawelt\/153693088047632","https:\/\/twitter.com\/intrawelt","https:\/\/www.instagram.com\/intrawelt\/","https:\/\/www.linkedin.com\/company\/intrawelt","https:\/\/www.youtube.com\/channel\/UCGqyFgcoukyk5tDC_Cfyqmg"]}]}},"_links":{"self":[{"href":"https:\/\/intrawelt.com\/de\/wp-json\/wp\/v2\/pages\/10992"}],"collection":[{"href":"https:\/\/intrawelt.com\/de\/wp-json\/wp\/v2\/pages"}],"about":[{"href":"https:\/\/intrawelt.com\/de\/wp-json\/wp\/v2\/types\/page"}],"author":[{"embeddable":true,"href":"https:\/\/intrawelt.com\/de\/wp-json\/wp\/v2\/users\/2"}],"replies":[{"embeddable":true,"href":"https:\/\/intrawelt.com\/de\/wp-json\/wp\/v2\/comments?post=10992"}],"version-history":[{"count":0,"href":"https:\/\/intrawelt.com\/de\/wp-json\/wp\/v2\/pages\/10992\/revisions"}],"wp:attachment":[{"href":"https:\/\/intrawelt.com\/de\/wp-json\/wp\/v2\/media?parent=10992"}],"curies":[{"name":"wp","href":"https:\/\/api.w.org\/{rel}","templated":true}]}}