{"id":10997,"date":"2018-07-12T09:49:19","date_gmt":"2018-07-12T07:49:19","guid":{"rendered":"http:\/\/intrawelt.com\/informativa-privacy\/"},"modified":"2020-01-21T16:42:04","modified_gmt":"2020-01-21T15:42:04","slug":"datenschutzerklaerung","status":"publish","type":"page","link":"https:\/\/intrawelt.com\/de\/datenschutzerklaerung\/","title":{"rendered":"Datenschutzerkl\u00e4rung"},"content":{"rendered":"\n<p><span style=\"color: #000000;\"><h4>DATENSCHUTZERKL\u00c4RUNG<\/h4><\/span><\/p>\n<p>\u00a0<\/p>\n<p><strong>\u00dcBER UNS<\/strong><\/p>\n<p>Diese Website &#8211; http:\/\/www.intrawelt.com &#8211; ist Eigentum der Firma Intrawelt S.a.s.<\/p>\n<p>Die Datenschutzerkl\u00e4rung richtet sich an unsere potentiellen, aktuellen und ehemaligen Kunden und informiert dar\u00fcber, wie Ihre Daten verarbeitet werden.<\/p>\n<p>Als Ihr zuk\u00fcnftiger, gegenw\u00e4rtiger oder fr\u00fcherer Dienstleister sind wir als Unternehmen f\u00fcr die Verarbeitung Ihrer personenbezogenen Daten verantwortlich und entscheiden somit \u00fcber den Zweck und die Art und Weise, wie die Daten verarbeitet werden, und treten gem\u00e4\u00df \u201eDatenschutz-Grundverordnung\u201c 2016 \/ 679 (\u201eDSGVO\u201c) als Verantwortlicher auf.<\/p>\n<p><strong>GEGENSTAND DER VERARBEITUNG<\/strong><\/p>\n<p>Als Verantwortlicher der Datenverarbeitung verarbeiten wir:<\/p>\n<ol>\n<li>A) personenbezogene Daten, die von Ihnen \u00fcber die Formulare unter der URL\u00a0<a href=\"http:\/\/www.intrawelt.com\/\">http:\/\/www.intrawelt.com<\/a> \u00fcbermittelt wurden, um Kostenvoranschl\u00e4ge anzufragen, und in den nachfolgenden Phasen des \u00dcbersetzungs- \/ Dolmetschprozesses verwendet werden, wie z. B.:<\/li>\n<\/ol>\n<ul>\n<li>Informationen zur Identifizierung und Kontaktaufnahme (wie z. B. Firmenname);<\/li>\n<li>Informationen zu den Ansprechpartnern Ihrer Organisation (Name, Telefonnummer, E-Mail);<\/li>\n<li>Ihre Zahlungsverkehrsdaten (Bankverbindung);<\/li>\n<li>sowie allgemein Informationen, die zur Abwicklung des \u00dcbersetzungs-\/Dolmetschprozesses erforderlich sind.<\/li>\n<\/ul>\n<ol>\n<li>B) Besondere personenbezogene Daten, einschlie\u00dflich der Daten, von denen unser Unternehmen u. U. zuf\u00e4llig w\u00e4hrend des \u00dcbersetzungs-\/Dolmetschprozesses Kenntnis erh\u00e4lt und die in jedem Fall ausschlie\u00dflich von Ihnen mitgeteilt werden (z. B. Mitgliedschaft in einer Gewerkschaft, Gesundheitsdaten oder andere besondere Daten, die direkt oder indirekt ableitbar sind, sowie strafrechtliche Verurteilungen und Straftaten oder damit verbundene Sicherungsma\u00dfnahmen).<\/li>\n<\/ol>\n<p><strong>DATENERHEBUNG<\/strong><\/p>\n<p>Alle Informationen werden uns ausschlie\u00dflich von Ihnen direkt zur Verf\u00fcgung gestellt.<\/p>\n<p><strong>ART UND ZWECK DER DATENVERARBEITUNG<\/strong><\/p>\n<p>Die Verarbeitung Ihrer Daten erfolgt in Papierform, elektronisch und telematisch.<br \/>Wir verarbeiten Ihre personenbezogenen Daten zur Erbringung von \u00dcbersetzungs- bzw. Dolmetschdienstleistungen entsprechend den Kostenvoranschl\u00e4gen und Auftr\u00e4gen.<\/p>\n<p>Die \u00fcber die Formulare unter der URL\u00a0<a href=\"http:\/\/www.intrawelt.com\/\">http:\/\/www.intrawelt.com<\/a>\u00a0erhobenen personenbezogenen Daten werden verarbeitet zu Zwecken des Marketings, der Werbung, Marktforschung, sonstiger Stichprobenerhebungen im weitesten Sinne zu Produkten und\/oder Dienstleistungen des Unternehmens, in den in der EU-Verordnung 2016\/679 angegebenen Grenzen und gem\u00e4\u00df der allgemeinen Bestimmung der italienischen Datenschutzbeh\u00f6rde vom 15. Mai 2013 mit dem Titel \u201eConsenso al trattamento dei dati personali per finalit\u00e0 di \u201cmarketing diretto\u201d attraverso strumenti tradizionali e automatizzati di contatto\u201c (Einwilligung zur Verarbeitung personenbezogener Daten f\u00fcr Zwecke des \u201eDirektmarketings\u201c \u00fcber herk\u00f6mmliche und automatisierte Mittel der Kontaktaufnahme).<\/p>\n<p><strong>RECHTLICHE GRUNDLAGE<\/strong><\/p>\n<p>Wir verarbeiten Ihre personenbezogenen Daten nur dann, wenn die Verarbeitung erforderlich ist:<\/p>\n<ul>\n<li>um unsere vertraglichen Verpflichtungen Ihnen gegen\u00fcber zu erf\u00fcllen;<\/li>\n<li>f\u00fcr Marketingzwecke;<\/li>\n<li>f\u00fcr unsere legitimen Interessen (wenn diese Ihren Grundrechten und Grundfreiheiten nicht entgegenstehen), z.\u00a0B. um: die im Rahmen der von Intrawelt erbrachten Dienstleistungen ausge\u00fcbten T\u00e4tigkeiten zu regeln und zu \u00fcberwachen; Betrug oder kriminelle Aktivit\u00e4ten, Missbrauch unserer Dienste zu verhindern; die Sicherheit unserer Informationssysteme, der EDV-Architektur und der Netzwerke zu gew\u00e4hrleisten; unsere Zielsetzungen im Sinne der sozialen und unternehmerischen Verantwortung zu erf\u00fcllen.<\/li>\n<\/ul>\n<p>Wir verarbeiten Ihre personenbezogenen Daten nur f\u00fcr die oben genannten Zwecke.<\/p>\n<p><strong>KATEGORIEN DER EMPF\u00c4NGER<\/strong><\/p>\n<p>Ungeachtet der Daten\u00fcbermittlungen, die unter Einhaltung gesetzlicher und vertraglicher Verpflichtungen erfolgen, d\u00fcrfen alle erhobenen und verarbeiteten Daten ausschlie\u00dflich zu den oben genannten Zwecken unseren Mitarbeitern, Versicherungsunternehmen, Kreditinstituten und Dritten offengelegt werden, denen wir eines unserer Rechte oder eine unserer Pflichten im Rahmen der Verarbeitungszwecke \u00fcbertragen und \u00fcbermitteln.<\/p>\n<p>Die Verwaltung und Speicherung der personenbezogenen Daten erfolgt innerhalb der Europ\u00e4ischen Union auf Servern des Verantwortlichen und\/oder von beauftragten Drittunternehmen, die als Auftragsverarbeiter benannt wurden. Derzeit befinden sich die Server in Italien.<\/p>\n<p>Die Daten werden nicht au\u00dferhalb der Europ\u00e4ischen Union \u00fcbermittelt: Die \u00dcbersetzer erhalten anonymisierte Dokumente.<\/p>\n<p>In jedem Fall hat der Verantwortliche das Recht, den Standort des Servers, falls notwendig, nach Italien und\/oder in die Europ\u00e4ische Union und\/oder in Nicht-EU-L\u00e4nder zu verlegen. In diesem Fall stellt der Verantwortliche sicher, dass die \u00dcbermittlung der Daten au\u00dferhalb der EU gem\u00e4\u00df den geltenden Rechtsvorschriften erfolgen wird, indem erforderlichenfalls Vereinbarungen getroffen werden, die ein angemessenes Schutzniveau gew\u00e4hrleisten, und\/oder indem die von der Europ\u00e4ischen Kommission vorgesehenen Standardvertragsklauseln \u00fcbernommen werden.<\/p>\n<p><strong>RECHTE DER BETROFFENEN PERSON<\/strong><\/p>\n<p>Hinsichtlich der Daten k\u00f6nnen die Rechte ausge\u00fcbt werden, die vorgesehen sind in den folgenden Artikeln:<\/p>\n<ul>\n<li>\n<ul>\n<li>15 \u2013 \u201eAuskunftsrecht der betroffenen Person\u201c;<\/li>\n<li>16 \u2013 \u201eRecht auf Berichtigung\u201c;<\/li>\n<li>17 \u2013 \u201eRecht auf L\u00f6schung\u201c;<\/li>\n<li>18 \u2013 \u201eRecht auf Einschr\u00e4nkung der Verarbeitung\u201c;<\/li>\n<li>20 \u2013 \u201eRecht auf Daten\u00fcbertragbarkeit\u201c<\/li>\n<\/ul>\n<\/li>\n<\/ul>\n<p>der \u201eDatenschutz-Grundverordnung\u201c 2016\/679 (\u201eDSGVO\u201c) in den Grenzen und unter den Bedingungen von Art. 12 der DSGVO.<\/p>\n<p>Wenn Sie eines der oben genannten Rechte aus\u00fcben m\u00f6chten, k\u00f6nnen Sie an unser Unternehmen unter der E-Mail-Adresse privacy@intrawelt.com eine Mitteilung mit dem Betreff \u201eDatenschutz\u201c senden.<\/p>\n<p>Au\u00dferdem haben Sie das Recht, bei der zust\u00e4ndigen Datenschutzbeh\u00f6rde Beschwerde einzulegen.<\/p>\n<p><strong>DAUER DER SPEICHERUNG<\/strong><\/p>\n<p>Alle oben genannten Daten und die anderen, die Bestandteil des Vertrags sind, werden auch nach dessen Beendigung f\u00fcr die Erf\u00fcllung etwaiger Verpflichtungen, die mit dem Abschluss des Vertrags verbunden sind oder daraus entstehen, 10 Jahre lang, in jedem Fall aber so lange wie gesetzlich festgelegt gespeichert.<\/p>\n<p><strong>VERANTWORTLICHER DER DATENVERARBEITUNG<\/strong><\/p>\n<p>Der Verantwortliche der Verarbeitung Ihrer Daten ist der gesetzliche Vertreter unseres Unternehmens.<\/p>\n<p><strong>WELCHE PERSONENBEZOGENEN DATEN WERDEN ERHOBEN UND WARUM<\/strong><\/p>\n<p><strong>KOMMENTARE<\/strong><\/p>\n<p>Wenn Besucher Kommentare auf der Website hinterlassen, erfassen wir au\u00dfer den im Kommentarformular angezeigten Daten auch die IP-Adresse des Besuchers und den User-Agent-String des Browsers, um die Erkennung von Spam zu erleichtern.<\/p>\n<p>Eine anonymisierte Zeichenfolge, die aus Ihrer E-Mail-Adresse erstellt wird (auch Hash genannt) kann dem Gravatar-Dienst zur Verf\u00fcgung gestellt werden, um festzustellen, ob Sie diesen verwenden. Die Datenschutzerkl\u00e4rung des Gravatar-Dienstes ist verf\u00fcgbar unter: https:\/\/automattic.com\/privacy\/. Nachdem Sie Ihren Kommentar best\u00e4tigt haben, ist Ihr Profilbild im Kontext des Kommentars \u00f6ffentlich sichtbar.<\/p>\n<p><strong>MEDIEN<\/strong><\/p>\n<p>Wenn Sie Bilder auf die Website hochladen, sollten Sie Bilder vermeiden, die eingebettete Standortdaten enthalten (EXIF GPS). Die Besucher der Website k\u00f6nnen alle Standortdaten von den Bildern auf der Website herunterladen und entnehmen.<\/p>\n<p><h4>KONTAKTFORMULAR<\/h4><\/p>\n<p><strong>COOKIES<\/strong><\/p>\n<p>Wenn Sie auf unserer Website einen Kommentar hinterlassen, k\u00f6nnen Sie Ihren Namen, Ihre E-Mail-Adresse und Ihre Website in den Cookies speichern. Sie werden zu Ihrem Vorteil verwendet, damit Sie Ihre Daten nicht erneut eingeben m\u00fcssen, falls Sie einen neuen Kommentar hinterlassen. Diese Cookies sind ein Jahr lang verf\u00fcgbar.<\/p>\n<p>Wenn Sie ein Konto haben und diese Website aufrufen, wird ein tempor\u00e4res Cookie gesetzt, um festzustellen, ob Ihr Browser Cookies akzeptiert. Dieses Cookie enth\u00e4lt keine personenbezogenen Daten und wird gel\u00f6scht, wenn Sie Ihren Browser schlie\u00dfen.<\/p>\n<p>Wenn Sie sich anmelden, werden mehrere Cookies gesetzt, um Ihre Login-Daten und Ihre Bildschirmanzeigeoptionen zu speichern. Die Anmeldecookies sind zwei Tage lang verf\u00fcgbar, w\u00e4hrend die Cookies f\u00fcr die Bildschirmoptionen ein Jahr lang verf\u00fcgbar sind. Wenn Sie \u201eAuf diesem Computer merken\u201c anw\u00e4hlen, bleibt Ihre Anmeldung zwei Wochen lang bestehen. Wenn Sie Ihr Konto verlassen, werden die Anmeldecookies entfernt.<\/p>\n<p>Wenn Sie einen Artikel bearbeiten oder ver\u00f6ffentlichen, wird ein zus\u00e4tzliches Cookie in Ihrem Browser gespeichert. Dieses Cookie enth\u00e4lt keine personenbezogenen Daten, sondern lediglich die ID des gerade bearbeiteten Artikels. Es verf\u00e4llt nach 1 Tag.<\/p>\n<p><strong>EINGEBETTETE INHALTE AUS ANDEREN WEBSITES<\/strong><\/p>\n<p>Die Artikel auf dieser Website k\u00f6nnen eingebettete Inhalte (wie Videos, Bilder, Artikel usw.) enthalten. Inhalte, die aus anderen Websites eingebettet wurden, verhalten sich genauso, als wenn der Besucher die andere Website besucht h\u00e4tte.<\/p>\n<p>Diese Websites k\u00f6nnen Daten \u00fcber Sie erheben, Cookies verwenden, weitere R\u00fcckverfolgungsinformationen von Dritten erg\u00e4nzen und die Interaktion mit diesen eingebetteten Inhalten \u00fcberwachen, einschlie\u00dflich der Verfolgung Ihrer Interaktion mit eingebetteten Inhalten, wenn Sie \u00fcber ein Konto verf\u00fcgen und sich angemeldet haben.<\/p>\n<p><strong>WIE LANGE IHRE DATEN GESPEICHERT WERDEN<\/strong><\/p>\n<p>Wenn Sie einen Kommentar hinterlassen, werden der Kommentar und seine Metadaten auf unbestimmte Zeit gespeichert. Auf diese Weise k\u00f6nnen sp\u00e4tere Kommentare automatisch erkannt und genehmigt werden, anstatt sie in einer Warteschlange zu belassen.<\/p>\n<p>F\u00fcr Benutzer, die sich ggf. auf unserer Website registrieren, werden auch die pers\u00f6nlichen Informationen, die sie in ihrem Benutzerprofil angeben, gespeichert. Alle Benutzer k\u00f6nnen ihre pers\u00f6nlichen Daten jederzeit einsehen, \u00e4ndern oder l\u00f6schen (mit Ausnahme ihres Benutzernamens, der nicht ge\u00e4ndert werden kann). Die Administratoren der Website k\u00f6nnen diese Informationen ebenfalls anzeigen und bearbeiten.<\/p>\n<p><strong>WELCHE RECHTE SIE HINSICHTLICH IHRER DATEN HABEN<\/strong><\/p>\n<p>Wenn Sie ein Konto auf dieser Website oder Kommentare hinterlassen haben, k\u00f6nnen Sie eine von der Website exportierte Datei mit den personenbezogenen Daten anfordern, die \u00fcber Sie gespeichert wurde, einschlie\u00dflich der von Ihnen bereitgestellten Daten. Sie k\u00f6nnen auch die L\u00f6schung aller Ihrer personenbezogenen Daten verlangen. Hiervon ausgenommen sind Daten, die wir zu administrativen, rechtlichen oder sicherheitsrelevanten Zwecken aufbewahren m\u00fcssen.<\/p>\n<p><strong>WOHIN WIR IHRE DATEN SENDEN<\/strong><\/p>\n<p>Kommentare der Besucher k\u00f6nnen \u00fcber einen automatischen Spam-Erkennungsdienst gepr\u00fcft werden.<\/p>\n<p>\u00a0<\/p>\n<p><strong>Letzte Aktualisierung<\/strong>:\u00a025. Mai 2018<\/p>\n<p>\u00a0<\/p>\n","protected":false},"excerpt":{"rendered":"<p>DATENSCHUTZERKL\u00c4RUNG \u00a0 \u00dcBER UNS Diese Website &#8211; http:\/\/www.intrawelt.com &#8211; ist Eigentum der Firma Intrawelt S.a.s. Die Datenschutzerkl\u00e4rung richtet sich an unsere potentiellen, aktuellen und ehemaligen Kunden und informiert dar\u00fcber, wie Ihre Daten verarbeitet werden. Als Ihr zuk\u00fcnftiger, gegenw\u00e4rtiger oder fr\u00fcherer Dienstleister sind wir als Unternehmen f\u00fcr die Verarbeitung Ihrer personenbezogenen Daten verantwortlich und entscheiden somit [&hellip;]<\/p>\n","protected":false},"author":3,"featured_media":0,"parent":0,"menu_order":0,"comment_status":"closed","ping_status":"closed","template":"","meta":[],"yoast_head":"<!-- This site is optimized with the Yoast SEO plugin v20.2 - https:\/\/yoast.com\/wordpress\/plugins\/seo\/ -->\n<title>Datenschutzerkl\u00e4rung | Professionelle \u00dcbersetzungsdienstleistungen | Intrawelt<\/title>\n<meta name=\"robots\" content=\"index, follow, max-snippet:-1, max-image-preview:large, max-video-preview:-1\" \/>\n<link rel=\"canonical\" href=\"https:\/\/intrawelt.com\/de\/datenschutzerklaerung\/\" \/>\n<meta property=\"og:locale\" content=\"de_DE\" \/>\n<meta property=\"og:type\" content=\"article\" \/>\n<meta property=\"og:title\" content=\"Datenschutzerkl\u00e4rung | Professionelle \u00dcbersetzungsdienstleistungen | Intrawelt\" \/>\n<meta property=\"og:description\" content=\"DATENSCHUTZERKL\u00c4RUNG \u00a0 \u00dcBER UNS Diese Website &#8211; http:\/\/www.intrawelt.com &#8211; ist Eigentum der Firma Intrawelt S.a.s. Die Datenschutzerkl\u00e4rung richtet sich an unsere potentiellen, aktuellen und ehemaligen Kunden und informiert dar\u00fcber, wie Ihre Daten verarbeitet werden. Als Ihr zuk\u00fcnftiger, gegenw\u00e4rtiger oder fr\u00fcherer Dienstleister sind wir als Unternehmen f\u00fcr die Verarbeitung Ihrer personenbezogenen Daten verantwortlich und entscheiden somit [&hellip;]\" \/>\n<meta property=\"og:url\" content=\"https:\/\/intrawelt.com\/de\/datenschutzerklaerung\/\" \/>\n<meta property=\"og:site_name\" content=\"Intrawelt\" \/>\n<meta property=\"article:publisher\" content=\"https:\/\/it-it.facebook.com\/pages\/Intrawelt\/153693088047632\" \/>\n<meta property=\"article:modified_time\" content=\"2020-01-21T15:42:04+00:00\" \/>\n<meta name=\"twitter:card\" content=\"summary_large_image\" \/>\n<meta name=\"twitter:site\" content=\"@intrawelt\" \/>\n<meta name=\"twitter:label1\" content=\"Gesch\u00e4tzte Lesezeit\" \/>\n\t<meta name=\"twitter:data1\" content=\"7\u00a0Minuten\" \/>\n<script type=\"application\/ld+json\" class=\"yoast-schema-graph\">{\"@context\":\"https:\/\/schema.org\",\"@graph\":[{\"@type\":\"WebPage\",\"@id\":\"https:\/\/intrawelt.com\/de\/datenschutzerklaerung\/\",\"url\":\"https:\/\/intrawelt.com\/de\/datenschutzerklaerung\/\",\"name\":\"Datenschutzerkl\u00e4rung | Professionelle \u00dcbersetzungsdienstleistungen | Intrawelt\",\"isPartOf\":{\"@id\":\"https:\/\/intrawelt.com\/de\/#website\"},\"datePublished\":\"2018-07-12T07:49:19+00:00\",\"dateModified\":\"2020-01-21T15:42:04+00:00\",\"breadcrumb\":{\"@id\":\"https:\/\/intrawelt.com\/de\/datenschutzerklaerung\/#breadcrumb\"},\"inLanguage\":\"de\",\"potentialAction\":[{\"@type\":\"ReadAction\",\"target\":[\"https:\/\/intrawelt.com\/de\/datenschutzerklaerung\/\"]}]},{\"@type\":\"BreadcrumbList\",\"@id\":\"https:\/\/intrawelt.com\/de\/datenschutzerklaerung\/#breadcrumb\",\"itemListElement\":[{\"@type\":\"ListItem\",\"position\":1,\"name\":\"Home\",\"item\":\"https:\/\/intrawelt.com\/de\/\"},{\"@type\":\"ListItem\",\"position\":2,\"name\":\"Datenschutzerkl\u00e4rung\"}]},{\"@type\":\"WebSite\",\"@id\":\"https:\/\/intrawelt.com\/de\/#website\",\"url\":\"https:\/\/intrawelt.com\/de\/\",\"name\":\"Agenzia di Traduzione e Interpretariato | Intrawelt\",\"description\":\"Servizi di traduzione professionale, interpretariato e impaginazione grafica\",\"publisher\":{\"@id\":\"https:\/\/intrawelt.com\/de\/#organization\"},\"alternateName\":\"Traduzione e Interpretariato | Intrawelt\",\"potentialAction\":[{\"@type\":\"SearchAction\",\"target\":{\"@type\":\"EntryPoint\",\"urlTemplate\":\"https:\/\/intrawelt.com\/de\/?s={search_term_string}\"},\"query-input\":\"required name=search_term_string\"}],\"inLanguage\":\"de\"},{\"@type\":\"Organization\",\"@id\":\"https:\/\/intrawelt.com\/de\/#organization\",\"name\":\"INTRAWELT\",\"url\":\"https:\/\/intrawelt.com\/de\/\",\"logo\":{\"@type\":\"ImageObject\",\"inLanguage\":\"de\",\"@id\":\"https:\/\/intrawelt.com\/de\/#\/schema\/logo\/image\/\",\"url\":\"https:\/\/intrawelt.com\/wp-content\/uploads\/2018\/10\/logo_intrawelt-1.png\",\"contentUrl\":\"https:\/\/intrawelt.com\/wp-content\/uploads\/2018\/10\/logo_intrawelt-1.png\",\"width\":340,\"height\":156,\"caption\":\"INTRAWELT\"},\"image\":{\"@id\":\"https:\/\/intrawelt.com\/de\/#\/schema\/logo\/image\/\"},\"sameAs\":[\"https:\/\/it-it.facebook.com\/pages\/Intrawelt\/153693088047632\",\"https:\/\/twitter.com\/intrawelt\",\"https:\/\/www.instagram.com\/intrawelt\/\",\"https:\/\/www.linkedin.com\/company\/intrawelt\",\"https:\/\/www.youtube.com\/channel\/UCGqyFgcoukyk5tDC_Cfyqmg\"]}]}<\/script>\n<!-- \/ Yoast SEO plugin. -->","yoast_head_json":{"title":"Datenschutzerkl\u00e4rung | Professionelle \u00dcbersetzungsdienstleistungen | Intrawelt","robots":{"index":"index","follow":"follow","max-snippet":"max-snippet:-1","max-image-preview":"max-image-preview:large","max-video-preview":"max-video-preview:-1"},"canonical":"https:\/\/intrawelt.com\/de\/datenschutzerklaerung\/","og_locale":"de_DE","og_type":"article","og_title":"Datenschutzerkl\u00e4rung | Professionelle \u00dcbersetzungsdienstleistungen | Intrawelt","og_description":"DATENSCHUTZERKL\u00c4RUNG \u00a0 \u00dcBER UNS Diese Website &#8211; http:\/\/www.intrawelt.com &#8211; ist Eigentum der Firma Intrawelt S.a.s. Die Datenschutzerkl\u00e4rung richtet sich an unsere potentiellen, aktuellen und ehemaligen Kunden und informiert dar\u00fcber, wie Ihre Daten verarbeitet werden. Als Ihr zuk\u00fcnftiger, gegenw\u00e4rtiger oder fr\u00fcherer Dienstleister sind wir als Unternehmen f\u00fcr die Verarbeitung Ihrer personenbezogenen Daten verantwortlich und entscheiden somit [&hellip;]","og_url":"https:\/\/intrawelt.com\/de\/datenschutzerklaerung\/","og_site_name":"Intrawelt","article_publisher":"https:\/\/it-it.facebook.com\/pages\/Intrawelt\/153693088047632","article_modified_time":"2020-01-21T15:42:04+00:00","twitter_card":"summary_large_image","twitter_site":"@intrawelt","twitter_misc":{"Gesch\u00e4tzte Lesezeit":"7\u00a0Minuten"},"schema":{"@context":"https:\/\/schema.org","@graph":[{"@type":"WebPage","@id":"https:\/\/intrawelt.com\/de\/datenschutzerklaerung\/","url":"https:\/\/intrawelt.com\/de\/datenschutzerklaerung\/","name":"Datenschutzerkl\u00e4rung | Professionelle \u00dcbersetzungsdienstleistungen | Intrawelt","isPartOf":{"@id":"https:\/\/intrawelt.com\/de\/#website"},"datePublished":"2018-07-12T07:49:19+00:00","dateModified":"2020-01-21T15:42:04+00:00","breadcrumb":{"@id":"https:\/\/intrawelt.com\/de\/datenschutzerklaerung\/#breadcrumb"},"inLanguage":"de","potentialAction":[{"@type":"ReadAction","target":["https:\/\/intrawelt.com\/de\/datenschutzerklaerung\/"]}]},{"@type":"BreadcrumbList","@id":"https:\/\/intrawelt.com\/de\/datenschutzerklaerung\/#breadcrumb","itemListElement":[{"@type":"ListItem","position":1,"name":"Home","item":"https:\/\/intrawelt.com\/de\/"},{"@type":"ListItem","position":2,"name":"Datenschutzerkl\u00e4rung"}]},{"@type":"WebSite","@id":"https:\/\/intrawelt.com\/de\/#website","url":"https:\/\/intrawelt.com\/de\/","name":"Agenzia di Traduzione e Interpretariato | Intrawelt","description":"Servizi di traduzione professionale, interpretariato e impaginazione grafica","publisher":{"@id":"https:\/\/intrawelt.com\/de\/#organization"},"alternateName":"Traduzione e Interpretariato | Intrawelt","potentialAction":[{"@type":"SearchAction","target":{"@type":"EntryPoint","urlTemplate":"https:\/\/intrawelt.com\/de\/?s={search_term_string}"},"query-input":"required name=search_term_string"}],"inLanguage":"de"},{"@type":"Organization","@id":"https:\/\/intrawelt.com\/de\/#organization","name":"INTRAWELT","url":"https:\/\/intrawelt.com\/de\/","logo":{"@type":"ImageObject","inLanguage":"de","@id":"https:\/\/intrawelt.com\/de\/#\/schema\/logo\/image\/","url":"https:\/\/intrawelt.com\/wp-content\/uploads\/2018\/10\/logo_intrawelt-1.png","contentUrl":"https:\/\/intrawelt.com\/wp-content\/uploads\/2018\/10\/logo_intrawelt-1.png","width":340,"height":156,"caption":"INTRAWELT"},"image":{"@id":"https:\/\/intrawelt.com\/de\/#\/schema\/logo\/image\/"},"sameAs":["https:\/\/it-it.facebook.com\/pages\/Intrawelt\/153693088047632","https:\/\/twitter.com\/intrawelt","https:\/\/www.instagram.com\/intrawelt\/","https:\/\/www.linkedin.com\/company\/intrawelt","https:\/\/www.youtube.com\/channel\/UCGqyFgcoukyk5tDC_Cfyqmg"]}]}},"_links":{"self":[{"href":"https:\/\/intrawelt.com\/de\/wp-json\/wp\/v2\/pages\/10997"}],"collection":[{"href":"https:\/\/intrawelt.com\/de\/wp-json\/wp\/v2\/pages"}],"about":[{"href":"https:\/\/intrawelt.com\/de\/wp-json\/wp\/v2\/types\/page"}],"author":[{"embeddable":true,"href":"https:\/\/intrawelt.com\/de\/wp-json\/wp\/v2\/users\/3"}],"replies":[{"embeddable":true,"href":"https:\/\/intrawelt.com\/de\/wp-json\/wp\/v2\/comments?post=10997"}],"version-history":[{"count":0,"href":"https:\/\/intrawelt.com\/de\/wp-json\/wp\/v2\/pages\/10997\/revisions"}],"wp:attachment":[{"href":"https:\/\/intrawelt.com\/de\/wp-json\/wp\/v2\/media?parent=10997"}],"curies":[{"name":"wp","href":"https:\/\/api.w.org\/{rel}","templated":true}]}}